{"id":243,"date":"2026-03-12T15:48:33","date_gmt":"2026-03-12T15:48:33","guid":{"rendered":"https:\/\/primagera3.pt\/?page_id=243"},"modified":"2026-03-12T17:12:24","modified_gmt":"2026-03-12T17:12:24","slug":"loja-da-fabrica","status":"publish","type":"page","link":"https:\/\/primagera3.pt\/index.php\/loja-da-fabrica\/","title":{"rendered":"Loja da f\u00e1brica"},"content":{"rendered":"\n<p class=\"has-text-align-left\">Em 2026 inaugur\u00e1mos a nossa <strong>Loja da F\u00e1brica<\/strong>, um espa\u00e7o pensado para nos aproximarmos ainda mais da comunidade e de todos aqueles que apreciam a cer\u00e2mica e o trabalho que desenvolvemos.<\/p>\n\n\n\n<p>Aqui pode encontrar uma sele\u00e7\u00e3o de pe\u00e7as <strong>dispon\u00edveis para pronta entrega<\/strong>, ideais para quem procura qualidade, funcionalidade e design para o dia a dia ou para ocasi\u00f5es especiais. \u00c9 tamb\u00e9m uma oportunidade para <strong>conhecer de perto os nossos produtos<\/strong>, descobrir diferentes cole\u00e7\u00f5es, cores e formas, e sentir o cuidado presente em cada pe\u00e7a.<\/p>\n\n\n\n<p>Mais do que uma loja, queremos que este seja um espa\u00e7o de encontro, onde possa conhecer melhor o nosso trabalho e a identidade da <strong>Primagera 3 Terracota<\/strong>.<\/p>\n\n\n\n<p><strong>Teremos todo o gosto em receb\u00ea-lo.<\/strong><br><strong>Esperamos por si na nossa Loja da F\u00e1brica.<\/strong><\/p>\n\n\n\n<p><strong>Venha visitar-nos e conhecer as nossas pe\u00e7as de perto.<\/strong><\/p>\n\n\n\n<figure class=\"wp-block-gallery has-nested-images columns-default is-cropped wp-block-gallery-1 is-layout-flex wp-block-gallery-is-layout-flex\">\n<figure class=\"wp-block-image size-large\"><img fetchpriority=\"high\" decoding=\"async\" width=\"885\" height=\"1024\" data-id=\"224\" src=\"https:\/\/primagera3.pt\/wp-content\/uploads\/2026\/03\/Primagera3_Stoneware_loja-7-885x1024.jpg\" alt=\"\" class=\"wp-image-224\" srcset=\"https:\/\/primagera3.pt\/wp-content\/uploads\/2026\/03\/Primagera3_Stoneware_loja-7-885x1024.jpg 885w, https:\/\/primagera3.pt\/wp-content\/uploads\/2026\/03\/Primagera3_Stoneware_loja-7-259x300.jpg 259w, https:\/\/primagera3.pt\/wp-content\/uploads\/2026\/03\/Primagera3_Stoneware_loja-7-768x889.jpg 768w, https:\/\/primagera3.pt\/wp-content\/uploads\/2026\/03\/Primagera3_Stoneware_loja-7-1328x1536.jpg 1328w, https:\/\/primagera3.pt\/wp-content\/uploads\/2026\/03\/Primagera3_Stoneware_loja-7.jpg 1536w\" sizes=\"(max-width: 767px) 89vw, (max-width: 1000px) 54vw, (max-width: 1071px) 543px, 580px\" \/><\/figure>\n\n\n\n<figure class=\"wp-block-image size-large\"><img decoding=\"async\" width=\"1024\" height=\"683\" data-id=\"223\" src=\"https:\/\/primagera3.pt\/wp-content\/uploads\/2026\/03\/Primagera3_Stoneware_loja-6-1024x683.jpg\" alt=\"\" class=\"wp-image-223\" srcset=\"https:\/\/primagera3.pt\/wp-content\/uploads\/2026\/03\/Primagera3_Stoneware_loja-6-1024x683.jpg 1024w, https:\/\/primagera3.pt\/wp-content\/uploads\/2026\/03\/Primagera3_Stoneware_loja-6-300x200.jpg 300w, https:\/\/primagera3.pt\/wp-content\/uploads\/2026\/03\/Primagera3_Stoneware_loja-6-768x512.jpg 768w, https:\/\/primagera3.pt\/wp-content\/uploads\/2026\/03\/Primagera3_Stoneware_loja-6.jpg 1536w\" sizes=\"(max-width: 767px) 89vw, (max-width: 1000px) 54vw, (max-width: 1071px) 543px, 580px\" \/><\/figure>\n\n\n\n<figure class=\"wp-block-image size-large\"><img decoding=\"async\" width=\"819\" height=\"1024\" data-id=\"222\" src=\"https:\/\/primagera3.pt\/wp-content\/uploads\/2026\/03\/Primagera3_Stoneware_loja-4-819x1024.jpg\" alt=\"\" class=\"wp-image-222\" srcset=\"https:\/\/primagera3.pt\/wp-content\/uploads\/2026\/03\/Primagera3_Stoneware_loja-4-819x1024.jpg 819w, https:\/\/primagera3.pt\/wp-content\/uploads\/2026\/03\/Primagera3_Stoneware_loja-4-240x300.jpg 240w, https:\/\/primagera3.pt\/wp-content\/uploads\/2026\/03\/Primagera3_Stoneware_loja-4-768x960.jpg 768w, https:\/\/primagera3.pt\/wp-content\/uploads\/2026\/03\/Primagera3_Stoneware_loja-4.jpg 1024w\" sizes=\"(max-width: 767px) 89vw, (max-width: 1000px) 54vw, (max-width: 1071px) 543px, 580px\" \/><\/figure>\n\n\n\n<figure class=\"wp-block-image size-large\"><img loading=\"lazy\" decoding=\"async\" width=\"1024\" height=\"683\" data-id=\"221\" src=\"https:\/\/primagera3.pt\/wp-content\/uploads\/2026\/03\/Primagera3_Stoneware_loja-3-1024x683.png\" alt=\"\" class=\"wp-image-221\" srcset=\"https:\/\/primagera3.pt\/wp-content\/uploads\/2026\/03\/Primagera3_Stoneware_loja-3-1024x683.png 1024w, https:\/\/primagera3.pt\/wp-content\/uploads\/2026\/03\/Primagera3_Stoneware_loja-3-300x200.png 300w, https:\/\/primagera3.pt\/wp-content\/uploads\/2026\/03\/Primagera3_Stoneware_loja-3-768x512.png 768w, https:\/\/primagera3.pt\/wp-content\/uploads\/2026\/03\/Primagera3_Stoneware_loja-3.png 1536w\" sizes=\"(max-width: 767px) 89vw, (max-width: 1000px) 54vw, (max-width: 1071px) 543px, 580px\" \/><\/figure>\n\n\n\n<figure class=\"wp-block-image size-large\"><img loading=\"lazy\" decoding=\"async\" width=\"1024\" height=\"683\" data-id=\"220\" src=\"https:\/\/primagera3.pt\/wp-content\/uploads\/2026\/03\/Primagera3_Stoneware_loja-2-1024x683.jpg\" alt=\"\" class=\"wp-image-220\" srcset=\"https:\/\/primagera3.pt\/wp-content\/uploads\/2026\/03\/Primagera3_Stoneware_loja-2-1024x683.jpg 1024w, https:\/\/primagera3.pt\/wp-content\/uploads\/2026\/03\/Primagera3_Stoneware_loja-2-300x200.jpg 300w, https:\/\/primagera3.pt\/wp-content\/uploads\/2026\/03\/Primagera3_Stoneware_loja-2-768x512.jpg 768w, https:\/\/primagera3.pt\/wp-content\/uploads\/2026\/03\/Primagera3_Stoneware_loja-2.jpg 1536w\" sizes=\"(max-width: 767px) 89vw, (max-width: 1000px) 54vw, (max-width: 1071px) 543px, 580px\" \/><\/figure>\n<\/figure>\n\n\n\n<ul class=\"wp-block-social-links is-layout-flex wp-block-social-links-is-layout-flex\"><li class=\"wp-social-link wp-social-link-facebook  wp-block-social-link\"><a href=\"https:\/\/www.facebook.com\/profile.php?id=61586971810746\" class=\"wp-block-social-link-anchor\"><svg width=\"24\" height=\"24\" viewBox=\"0 0 24 24\" version=\"1.1\" xmlns=\"http:\/\/www.w3.org\/2000\/svg\" aria-hidden=\"true\" focusable=\"false\"><path d=\"M12 2C6.5 2 2 6.5 2 12c0 5 3.7 9.1 8.4 9.9v-7H7.9V12h2.5V9.8c0-2.5 1.5-3.9 3.8-3.9 1.1 0 2.2.2 2.2.2v2.5h-1.3c-1.2 0-1.6.8-1.6 1.6V12h2.8l-.4 2.9h-2.3v7C18.3 21.1 22 17 22 12c0-5.5-4.5-10-10-10z\"><\/path><\/svg><span class=\"wp-block-social-link-label screen-reader-text\">Facebook<\/span><\/a><\/li>\n\n<li class=\"wp-social-link wp-social-link-instagram  wp-block-social-link\"><a href=\"https:\/\/www.instagram.com\/primagera3t\/\" class=\"wp-block-social-link-anchor\"><svg width=\"24\" height=\"24\" viewBox=\"0 0 24 24\" version=\"1.1\" xmlns=\"http:\/\/www.w3.org\/2000\/svg\" aria-hidden=\"true\" focusable=\"false\"><path d=\"M12,4.622c2.403,0,2.688,0.009,3.637,0.052c0.877,0.04,1.354,0.187,1.671,0.31c0.42,0.163,0.72,0.358,1.035,0.673 c0.315,0.315,0.51,0.615,0.673,1.035c0.123,0.317,0.27,0.794,0.31,1.671c0.043,0.949,0.052,1.234,0.052,3.637 s-0.009,2.688-0.052,3.637c-0.04,0.877-0.187,1.354-0.31,1.671c-0.163,0.42-0.358,0.72-0.673,1.035 c-0.315,0.315-0.615,0.51-1.035,0.673c-0.317,0.123-0.794,0.27-1.671,0.31c-0.949,0.043-1.233,0.052-3.637,0.052 s-2.688-0.009-3.637-0.052c-0.877-0.04-1.354-0.187-1.671-0.31c-0.42-0.163-0.72-0.358-1.035-0.673 c-0.315-0.315-0.51-0.615-0.673-1.035c-0.123-0.317-0.27-0.794-0.31-1.671C4.631,14.688,4.622,14.403,4.622,12 s0.009-2.688,0.052-3.637c0.04-0.877,0.187-1.354,0.31-1.671c0.163-0.42,0.358-0.72,0.673-1.035 c0.315-0.315,0.615-0.51,1.035-0.673c0.317-0.123,0.794-0.27,1.671-0.31C9.312,4.631,9.597,4.622,12,4.622 M12,3 C9.556,3,9.249,3.01,8.289,3.054C7.331,3.098,6.677,3.25,6.105,3.472C5.513,3.702,5.011,4.01,4.511,4.511 c-0.5,0.5-0.808,1.002-1.038,1.594C3.25,6.677,3.098,7.331,3.054,8.289C3.01,9.249,3,9.556,3,12c0,2.444,0.01,2.751,0.054,3.711 c0.044,0.958,0.196,1.612,0.418,2.185c0.23,0.592,0.538,1.094,1.038,1.594c0.5,0.5,1.002,0.808,1.594,1.038 c0.572,0.222,1.227,0.375,2.185,0.418C9.249,20.99,9.556,21,12,21s2.751-0.01,3.711-0.054c0.958-0.044,1.612-0.196,2.185-0.418 c0.592-0.23,1.094-0.538,1.594-1.038c0.5-0.5,0.808-1.002,1.038-1.594c0.222-0.572,0.375-1.227,0.418-2.185 C20.99,14.751,21,14.444,21,12s-0.01-2.751-0.054-3.711c-0.044-0.958-0.196-1.612-0.418-2.185c-0.23-0.592-0.538-1.094-1.038-1.594 c-0.5-0.5-1.002-0.808-1.594-1.038c-0.572-0.222-1.227-0.375-2.185-0.418C14.751,3.01,14.444,3,12,3L12,3z M12,7.378 c-2.552,0-4.622,2.069-4.622,4.622S9.448,16.622,12,16.622s4.622-2.069,4.622-4.622S14.552,7.378,12,7.378z M12,15 c-1.657,0-3-1.343-3-3s1.343-3,3-3s3,1.343,3,3S13.657,15,12,15z M16.804,6.116c-0.596,0-1.08,0.484-1.08,1.08 s0.484,1.08,1.08,1.08c0.596,0,1.08-0.484,1.08-1.08S17.401,6.116,16.804,6.116z\"><\/path><\/svg><span class=\"wp-block-social-link-label screen-reader-text\">Instagram<\/span><\/a><\/li>\n\n<li class=\"wp-social-link wp-social-link-mail  wp-block-social-link\"><a href=\"mailto:i&#110;fo&#064;pri&#109;&#097;&#103;e&#114;&#097;&#051;.&#112;t\" class=\"wp-block-social-link-anchor\"><svg width=\"24\" height=\"24\" viewBox=\"0 0 24 24\" version=\"1.1\" xmlns=\"http:\/\/www.w3.org\/2000\/svg\" aria-hidden=\"true\" focusable=\"false\"><path d=\"M19,5H5c-1.1,0-2,.9-2,2v10c0,1.1.9,2,2,2h14c1.1,0,2-.9,2-2V7c0-1.1-.9-2-2-2zm.5,12c0,.3-.2.5-.5.5H5c-.3,0-.5-.2-.5-.5V9.8l7.5,5.6,7.5-5.6V17zm0-9.1L12,13.6,4.5,7.9V7c0-.3.2-.5.5-.5h14c.3,0,.5.2.5.5v.9z\"><\/path><\/svg><span class=\"wp-block-social-link-label screen-reader-text\">Mail<\/span><\/a><\/li><\/ul>\n\n\n\n<p><\/p>\n","protected":false},"excerpt":{"rendered":"<p>Em 2026 inaugur\u00e1mos a nossa Loja da F\u00e1brica, um espa\u00e7o pensado para nos aproximarmos ainda mais da comunidade e de todos aqueles que apreciam a cer\u00e2mica e o trabalho que desenvolvemos. Aqui pode encontrar uma sele\u00e7\u00e3o de pe\u00e7as dispon\u00edveis para pronta entrega, ideais para quem procura qualidade, funcionalidade e design para o dia a dia &hellip; <\/p>\n<p class=\"link-more\"><a href=\"https:\/\/primagera3.pt\/index.php\/loja-da-fabrica\/\" class=\"more-link\">Continuar a ler <span class=\"screen-reader-text\">&#8220;Loja da f\u00e1brica&#8221;<\/span><\/a><\/p>\n","protected":false},"author":1,"featured_media":226,"parent":0,"menu_order":0,"comment_status":"closed","ping_status":"closed","template":"","meta":{"footnotes":""},"class_list":["post-243","page","type-page","status-publish","has-post-thumbnail","hentry"],"_links":{"self":[{"href":"https:\/\/primagera3.pt\/index.php\/wp-json\/wp\/v2\/pages\/243","targetHints":{"allow":["GET"]}}],"collection":[{"href":"https:\/\/primagera3.pt\/index.php\/wp-json\/wp\/v2\/pages"}],"about":[{"href":"https:\/\/primagera3.pt\/index.php\/wp-json\/wp\/v2\/types\/page"}],"author":[{"embeddable":true,"href":"https:\/\/primagera3.pt\/index.php\/wp-json\/wp\/v2\/users\/1"}],"replies":[{"embeddable":true,"href":"https:\/\/primagera3.pt\/index.php\/wp-json\/wp\/v2\/comments?post=243"}],"version-history":[{"count":5,"href":"https:\/\/primagera3.pt\/index.php\/wp-json\/wp\/v2\/pages\/243\/revisions"}],"predecessor-version":[{"id":262,"href":"https:\/\/primagera3.pt\/index.php\/wp-json\/wp\/v2\/pages\/243\/revisions\/262"}],"wp:featuredmedia":[{"embeddable":true,"href":"https:\/\/primagera3.pt\/index.php\/wp-json\/wp\/v2\/media\/226"}],"wp:attachment":[{"href":"https:\/\/primagera3.pt\/index.php\/wp-json\/wp\/v2\/media?parent=243"}],"curies":[{"name":"wp","href":"https:\/\/api.w.org\/{rel}","templated":true}]}}