{"id":38,"date":"2026-02-04T14:58:37","date_gmt":"2026-02-04T14:58:37","guid":{"rendered":"https:\/\/primagera3.pt\/?page_id=38"},"modified":"2026-03-11T11:30:53","modified_gmt":"2026-03-11T11:30:53","slug":"inicio","status":"publish","type":"page","link":"https:\/\/primagera3.pt\/","title":{"rendered":"SABOR E TRADI\u00c7\u00c3O EM CER\u00c2MICA PARA FORNO"},"content":{"rendered":"\n<p><\/p>\n\n\n\n<p>F\u00e1brica cer\u00e2mica especializada em artigos em stoneware.<br>Com hist\u00f3ria, tradi\u00e7\u00e3o e um olhar moderno sobre o saber-fazer cer\u00e2mico.<\/p>\n\n\n\n<p><\/p>\n","protected":false},"excerpt":{"rendered":"<p>F\u00e1brica cer\u00e2mica especializada em artigos em stoneware.Com hist\u00f3ria, tradi\u00e7\u00e3o e um olhar moderno sobre o saber-fazer cer\u00e2mico.<\/p>\n","protected":false},"author":1,"featured_media":149,"parent":0,"menu_order":0,"comment_status":"closed","ping_status":"closed","template":"","meta":{"footnotes":""},"class_list":["post-38","page","type-page","status-publish","has-post-thumbnail","hentry"],"_links":{"self":[{"href":"https:\/\/primagera3.pt\/index.php\/wp-json\/wp\/v2\/pages\/38","targetHints":{"allow":["GET"]}}],"collection":[{"href":"https:\/\/primagera3.pt\/index.php\/wp-json\/wp\/v2\/pages"}],"about":[{"href":"https:\/\/primagera3.pt\/index.php\/wp-json\/wp\/v2\/types\/page"}],"author":[{"embeddable":true,"href":"https:\/\/primagera3.pt\/index.php\/wp-json\/wp\/v2\/users\/1"}],"replies":[{"embeddable":true,"href":"https:\/\/primagera3.pt\/index.php\/wp-json\/wp\/v2\/comments?post=38"}],"version-history":[{"count":4,"href":"https:\/\/primagera3.pt\/index.php\/wp-json\/wp\/v2\/pages\/38\/revisions"}],"predecessor-version":[{"id":90,"href":"https:\/\/primagera3.pt\/index.php\/wp-json\/wp\/v2\/pages\/38\/revisions\/90"}],"wp:featuredmedia":[{"embeddable":true,"href":"https:\/\/primagera3.pt\/index.php\/wp-json\/wp\/v2\/media\/149"}],"wp:attachment":[{"href":"https:\/\/primagera3.pt\/index.php\/wp-json\/wp\/v2\/media?parent=38"}],"curies":[{"name":"wp","href":"https:\/\/api.w.org\/{rel}","templated":true}]}}